{"id":20587,"date":"2020-08-07T02:38:28","date_gmt":"2020-08-07T02:38:28","guid":{"rendered":"https:\/\/casablanco.com.ar\/?page_id=20587"},"modified":"2020-10-13T17:42:03","modified_gmt":"2020-10-13T17:42:03","slug":"ventajas","status":"publish","type":"page","link":"https:\/\/casablanco.com.ar\/index.php\/ventajas\/","title":{"rendered":"insumos"},"content":{"rendered":"<p>[et_pb_section fb_built=&#8221;1&#8243; fullwidth=&#8221;on&#8221; _builder_version=&#8221;4.4.3&#8243;][et_pb_fullwidth_image src=&#8221;https:\/\/casablanco.com.ar\/wp-content\/uploads\/2020\/08\/portada-ventajas.jpg&#8221; _builder_version=&#8221;4.4.3&#8243; max_height=&#8221;360px&#8221; custom_padding=&#8221;||0px|||&#8221;][\/et_pb_fullwidth_image][\/et_pb_section][et_pb_section fb_built=&#8221;1&#8243; _builder_version=&#8221;4.4.3&#8243; background_image=&#8221;https:\/\/casablanco.com.ar\/wp-content\/uploads\/2020\/08\/Union-7.jpg&#8221; background_position=&#8221;bottom_center&#8221; custom_margin=&#8221;||-185px|||&#8221; custom_margin_tablet=&#8221;&#8221; custom_margin_phone=&#8221;&#8221; custom_margin_last_edited=&#8221;on|phone&#8221; custom_padding=&#8221;||320px||false|false&#8221;][et_pb_row column_structure=&#8221;3_5,2_5&#8243; _builder_version=&#8221;4.4.3&#8243; custom_margin=&#8221;50px|auto||auto||&#8221; custom_margin_tablet=&#8221;&#8221; custom_margin_phone=&#8221;0px|auto||auto|false|false&#8221; custom_margin_last_edited=&#8221;on|phone&#8221;][et_pb_column type=&#8221;3_5&#8243; _builder_version=&#8221;4.4.3&#8243;][et_pb_text _builder_version=&#8221;4.4.3&#8243; header_font=&#8221;Artegra ext regular||||||||&#8221; header_text_color=&#8221;#2DAFF5&#8243; header_font_size=&#8221;29px&#8221; header_letter_spacing=&#8221;3px&#8221; header_line_height=&#8221;1.2em&#8221; header_font_size_tablet=&#8221;&#8221; header_font_size_phone=&#8221;24px&#8221; header_font_size_last_edited=&#8221;on|phone&#8221;]<\/p>\n<h1>\u00bfDE QU\u00c9 ESTAN HECHAS<br \/> <strong>NUESTRAS ABERTURAS DE PVC?<\/strong><\/h1>\n<p>[\/et_pb_text][et_pb_divider color=&#8221;#2DAFF5&#8243; divider_weight=&#8221;3px&#8221; _builder_version=&#8221;4.4.3&#8243; width=&#8221;20%&#8221; custom_margin=&#8221;-10px||10px||false|false&#8221; custom_padding=&#8221;||||false|false&#8221;][\/et_pb_divider][et_pb_text _builder_version=&#8221;4.4.3&#8243; text_font=&#8221;Roboto|300|||||||&#8221; text_font_size=&#8221;18px&#8221; text_line_height=&#8221;1.75em&#8221; custom_margin=&#8221;28px|||||&#8221;]<\/p>\n<p>Las aberturas de PVC de Casa Blanco ofrecen las mejores prestaciones ya que permiten mayores niveles de aislamiento y ahorro energ\u00e9tico en la edificaci\u00f3n. Unas buenas aberturas necesitan contar con los mejores componentes; en Casa Blanco lo sabemos muy bien y por eso <strong>solo utilizamos materiales de firmas de reconocido prestigio especializadas en el suministro de componentes de calidad.<\/strong><\/p>\n<p>[\/et_pb_text][\/et_pb_column][et_pb_column type=&#8221;2_5&#8243; _builder_version=&#8221;4.4.3&#8243;][\/et_pb_column][\/et_pb_row][\/et_pb_section][et_pb_section fb_built=&#8221;1&#8243; _builder_version=&#8221;4.4.3&#8243; custom_margin=&#8221;180px|||||&#8221;][et_pb_row column_structure=&#8221;3_5,2_5&#8243; _builder_version=&#8221;4.4.3&#8243; custom_margin=&#8221;-196px|auto||auto||&#8221; custom_margin_tablet=&#8221;&#8221; custom_margin_phone=&#8221;-320px|auto|-50px|auto|false|false&#8221; custom_margin_last_edited=&#8221;on|phone&#8221;][et_pb_column type=&#8221;3_5&#8243; _builder_version=&#8221;4.4.3&#8243;][et_pb_text _builder_version=&#8221;4.4.3&#8243; header_font=&#8221;Artegra ext regular||||||||&#8221; header_text_color=&#8221;#000000&#8243; header_letter_spacing=&#8221;3px&#8221; header_line_height=&#8221;1.2em&#8221; header_font_size_tablet=&#8221;&#8221; header_font_size_phone=&#8221;24px&#8221; header_font_size_last_edited=&#8221;on|phone&#8221; locked=&#8221;off&#8221;]<\/p>\n<h1>PERFILES DE PVC<br \/> <strong>ALTA GAMA<\/strong><\/h1>\n<p>[\/et_pb_text][et_pb_divider color=&#8221;#2DAFF5&#8243; divider_weight=&#8221;3px&#8221; _builder_version=&#8221;4.4.3&#8243; width=&#8221;20%&#8221; custom_margin=&#8221;-10px||10px||false|false&#8221; custom_padding=&#8221;||||false|false&#8221; locked=&#8221;off&#8221;][\/et_pb_divider][et_pb_text _builder_version=&#8221;4.4.3&#8243; text_font=&#8221;Roboto|300|||||||&#8221; text_font_size=&#8221;18px&#8221; text_line_height=&#8221;1.75em&#8221; transform_scale_tablet=&#8221;&#8221; transform_scale_phone=&#8221;&#8221; transform_scale_last_edited=&#8221;on|phone&#8221; transform_translate=&#8221;50px|0px&#8221; transform_translate_tablet=&#8221;&#8221; transform_translate_phone=&#8221;0px|0px&#8221; transform_translate_last_edited=&#8221;on|phone&#8221; transform_translate_linked=&#8221;off&#8221; transform_rotate_tablet=&#8221;&#8221; transform_rotate_phone=&#8221;&#8221; transform_rotate_last_edited=&#8221;on|phone&#8221; transform_skew_tablet=&#8221;&#8221; transform_skew_phone=&#8221;&#8221; transform_skew_last_edited=&#8221;on|phone&#8221; transform_origin_tablet=&#8221;&#8221; transform_origin_phone=&#8221;&#8221; transform_origin_last_edited=&#8221;on|phone&#8221; transform_styles_last_edited=&#8221;on|phone&#8221; custom_margin=&#8221;50px||||false|false&#8221; transform_styles_tablet=&#8221;&#8221; transform_styles_phone=&#8221;&#8221;]<\/p>\n<p>En perfiler\u00eda elegimos a TECNOPERFILES SA, la empresa con mayor trayectoria<br \/> en el mercado latinoamericano en la fabricaci\u00f3n de perfiles de PVC para<br \/> aberturas de alta prestaci\u00f3n, y constantes promotores de la eficiencia<br \/> energ\u00e9tica y el desarrollo sustentable en la industria de la construcci\u00f3n.<\/p>\n<p>&nbsp;<\/p>\n<p>[\/et_pb_text][et_pb_image src=&#8221;https:\/\/casablanco.com.ar\/wp-content\/uploads\/2020\/08\/Rectangle-157.jpg&#8221; _builder_version=&#8221;4.4.3&#8243; width=&#8221;50%&#8221; width_tablet=&#8221;&#8221; width_phone=&#8221;80%&#8221; width_last_edited=&#8221;on|phone&#8221; custom_margin=&#8221;-50px|||40px|false|false&#8221; custom_margin_tablet=&#8221;&#8221; custom_margin_phone=&#8221;-50px|||0px|false|false&#8221; custom_margin_last_edited=&#8221;on|phone&#8221;][\/et_pb_image][\/et_pb_column][et_pb_column type=&#8221;2_5&#8243; _builder_version=&#8221;4.4.3&#8243;][\/et_pb_column][\/et_pb_row][et_pb_row _builder_version=&#8221;4.4.3&#8243; custom_margin=&#8221;|auto|80px|auto||&#8221; custom_margin_tablet=&#8221;&#8221; custom_margin_phone=&#8221;|auto|0px|auto|false|false&#8221; custom_margin_last_edited=&#8221;on|phone&#8221;][et_pb_column type=&#8221;4_4&#8243; _builder_version=&#8221;4.4.3&#8243;][et_pb_image src=&#8221;https:\/\/casablanco.com.ar\/wp-content\/uploads\/2020\/08\/Mask-Group-53.jpg&#8221; src_tablet=&#8221;&#8221; src_phone=&#8221;https:\/\/casablanco.com.ar\/wp-content\/uploads\/2020\/08\/Mask-Group-99.jpg&#8221; src_last_edited=&#8221;on|phone&#8221; _builder_version=&#8221;4.4.3&#8243;][\/et_pb_image][\/et_pb_column][\/et_pb_row][\/et_pb_section][et_pb_section fb_built=&#8221;1&#8243; fullwidth=&#8221;on&#8221; _builder_version=&#8221;4.4.3&#8243;][et_pb_fullwidth_image src=&#8221;https:\/\/casablanco.com.ar\/wp-content\/uploads\/2020\/08\/Mask-Group-17.jpg&#8221; _builder_version=&#8221;4.4.3&#8243; max_height=&#8221;360px&#8221;][\/et_pb_fullwidth_image][\/et_pb_section][et_pb_section fb_built=&#8221;1&#8243; custom_padding_last_edited=&#8221;on|phone&#8221; _builder_version=&#8221;4.4.3&#8243; custom_padding=&#8221;||140px|||&#8221; custom_padding_tablet=&#8221;&#8221; custom_padding_phone=&#8221;||0px||false|false&#8221;][et_pb_row column_structure=&#8221;3_5,2_5&#8243; _builder_version=&#8221;4.4.3&#8243; custom_margin=&#8221;60px|auto||auto||&#8221; custom_margin_tablet=&#8221;&#8221; custom_margin_phone=&#8221;0px|auto|80px|auto|false|false&#8221; custom_margin_last_edited=&#8221;on|phone&#8221; custom_padding=&#8221;||22px|||&#8221;][et_pb_column type=&#8221;3_5&#8243; _builder_version=&#8221;4.4.3&#8243;][et_pb_text _builder_version=&#8221;4.4.3&#8243; header_font=&#8221;Artegra ext regular||||||||&#8221; header_text_color=&#8221;#000000&#8243; header_font_size=&#8221;28px&#8221; header_letter_spacing=&#8221;3px&#8221; header_line_height=&#8221;1.2em&#8221; hover_enabled=&#8221;0&#8243; header_font_size_tablet=&#8221;&#8221; header_font_size_phone=&#8221;20px&#8221; header_font_size_last_edited=&#8221;on|phone&#8221; locked=&#8221;off&#8221;]<\/p>\n<h1>CRISTALES CON<br \/> <strong>CERTIFICACI\u00d3N INTERNACIONAL<\/strong><\/h1>\n<p>[\/et_pb_text][et_pb_divider color=&#8221;#2DAFF5&#8243; divider_weight=&#8221;3px&#8221; _builder_version=&#8221;4.4.3&#8243; width=&#8221;20%&#8221; custom_margin=&#8221;-10px||10px||false|false&#8221; custom_padding=&#8221;||||false|false&#8221; locked=&#8221;off&#8221;][\/et_pb_divider][et_pb_text _builder_version=&#8221;4.4.3&#8243; text_font=&#8221;Roboto|300|||||||&#8221; text_font_size=&#8221;18px&#8221; text_line_height=&#8221;1.75em&#8221; transform_scale_tablet=&#8221;&#8221; transform_scale_phone=&#8221;&#8221; transform_scale_last_edited=&#8221;on|phone&#8221; transform_translate=&#8221;50px|0px&#8221; transform_translate_tablet=&#8221;&#8221; transform_translate_phone=&#8221;0px|0px&#8221; transform_translate_last_edited=&#8221;on|phone&#8221; transform_translate_linked=&#8221;off&#8221; transform_rotate_tablet=&#8221;&#8221; transform_rotate_phone=&#8221;&#8221; transform_rotate_last_edited=&#8221;on|phone&#8221; transform_skew_tablet=&#8221;&#8221; transform_skew_phone=&#8221;&#8221; transform_skew_last_edited=&#8221;on|phone&#8221; transform_origin_tablet=&#8221;&#8221; transform_origin_phone=&#8221;&#8221; transform_origin_last_edited=&#8221;on|phone&#8221; transform_styles_last_edited=&#8221;on|phone&#8221; transform_styles_tablet=&#8221;&#8221; transform_styles_phone=&#8221;&#8221;]<\/p>\n<p>En vidrios, trabajamos con KALCIYAN, empresa que cuenta con la mayor tecnolog\u00eda instalada en el pa\u00eds para la fabricaci\u00f3n de DVH. Las materias primas utilizadas son en general de origen europeo y producidas bajo certificaciones internacionales.<\/p>\n<p><strong>La aislaci\u00f3n t\u00e9rmica del DVH duplica la del vidrio simple<\/strong> ya que contiene entre ambos vidrios aire deshidratado y encapsulado, reduciendo notoriamente la transmitancia t\u00e9rmica de las superficies vidriadas, y adem\u00e1s el hecho de tener dos vidrios <strong>mejora el desempe\u00f1o ac\u00fastico de la ventana.<\/strong><\/p>\n<p>&nbsp;<\/p>\n<p>&nbsp;<\/p>\n<p>[\/et_pb_text][et_pb_image src=&#8221;https:\/\/casablanco.com.ar\/wp-content\/uploads\/2020\/08\/Rectangle-154.jpg&#8221; _builder_version=&#8221;4.4.3&#8243; width=&#8221;50%&#8221; width_tablet=&#8221;&#8221; width_phone=&#8221;80%&#8221; width_last_edited=&#8221;on|phone&#8221; custom_margin=&#8221;-50px|||40px|false|false&#8221; custom_margin_tablet=&#8221;&#8221; custom_margin_phone=&#8221;-50px|||0px|false|false&#8221; custom_margin_last_edited=&#8221;on|phone&#8221;][\/et_pb_image][\/et_pb_column][et_pb_column type=&#8221;2_5&#8243; _builder_version=&#8221;4.4.3&#8243;][\/et_pb_column][\/et_pb_row][\/et_pb_section][et_pb_section fb_built=&#8221;1&#8243; fullwidth=&#8221;on&#8221; _builder_version=&#8221;4.4.3&#8243;][et_pb_fullwidth_image src=&#8221;https:\/\/casablanco.com.ar\/wp-content\/uploads\/2020\/08\/Mask-Group-19.jpg&#8221; _builder_version=&#8221;4.4.3&#8243; max_height=&#8221;360px&#8221;][\/et_pb_fullwidth_image][\/et_pb_section][et_pb_section fb_built=&#8221;1&#8243; _builder_version=&#8221;4.4.3&#8243;][et_pb_row column_structure=&#8221;3_5,2_5&#8243; _builder_version=&#8221;4.4.3&#8243; custom_margin=&#8221;80px|auto||auto||&#8221; custom_margin_tablet=&#8221;&#8221; custom_margin_phone=&#8221;0px|auto||auto|false|false&#8221; custom_margin_last_edited=&#8221;on|phone&#8221;][et_pb_column type=&#8221;3_5&#8243; _builder_version=&#8221;4.4.3&#8243;][et_pb_text _builder_version=&#8221;4.4.3&#8243; header_font=&#8221;Artegra ext regular||||||||&#8221; header_text_color=&#8221;#000000&#8243; header_letter_spacing=&#8221;3px&#8221; header_line_height=&#8221;1.2em&#8221; header_font_size_tablet=&#8221;&#8221; header_font_size_phone=&#8221;24px&#8221; header_font_size_last_edited=&#8221;on|phone&#8221; locked=&#8221;off&#8221;]<\/p>\n<h1><strong>HERRAJES ALEMANES<\/strong><br \/> DE AVANZADA<\/h1>\n<p>[\/et_pb_text][et_pb_divider color=&#8221;#2DAFF5&#8243; divider_weight=&#8221;3px&#8221; _builder_version=&#8221;4.4.3&#8243; width=&#8221;20%&#8221; custom_margin=&#8221;-10px||10px||false|false&#8221; custom_padding=&#8221;||||false|false&#8221; locked=&#8221;off&#8221;][\/et_pb_divider][et_pb_text _builder_version=&#8221;4.4.3&#8243; text_font=&#8221;Roboto|300|||||||&#8221; text_font_size=&#8221;18px&#8221; text_line_height=&#8221;1.75em&#8221; transform_scale_tablet=&#8221;&#8221; transform_scale_phone=&#8221;&#8221; transform_scale_last_edited=&#8221;on|phone&#8221; transform_translate=&#8221;50px|0px&#8221; transform_translate_tablet=&#8221;&#8221; transform_translate_phone=&#8221;0px|0px&#8221; transform_translate_last_edited=&#8221;on|phone&#8221; transform_translate_linked=&#8221;off&#8221; transform_rotate_tablet=&#8221;&#8221; transform_rotate_phone=&#8221;&#8221; transform_rotate_last_edited=&#8221;on|phone&#8221; transform_skew_tablet=&#8221;&#8221; transform_skew_phone=&#8221;&#8221; transform_skew_last_edited=&#8221;on|phone&#8221; transform_origin_tablet=&#8221;&#8221; transform_origin_phone=&#8221;&#8221; transform_origin_last_edited=&#8221;on|phone&#8221; transform_styles_last_edited=&#8221;on|phone&#8221; transform_styles_tablet=&#8221;&#8221; transform_styles_phone=&#8221;&#8221;]<\/p>\n<p>Nuestras ventanas llevan instaladas los herrajes alemanes de GU Gretsch-Unitas, l\u00edder en el mercado de fabricaci\u00f3n de componentes para ventanas.<\/p>\n<p><strong>Los herrajes que utilizamos en nuestras aberturas son perfectos en su funcionamiento y elegantes en su dise\u00f1o.<\/strong> Desde la precisi\u00f3n de las cerraduras hasta la fortaleza de los herrajes son muy duraderos y se adaptan perfectamente a nuestra carpinter\u00eda. <strong>Tienen una gran resistencia a los agentes externos por muchos a\u00f1os.<\/strong><\/p>\n<p>[\/et_pb_text][et_pb_image src=&#8221;https:\/\/casablanco.com.ar\/wp-content\/uploads\/2020\/08\/Rectangle-150.jpg&#8221; _builder_version=&#8221;4.4.3&#8243; width=&#8221;50%&#8221; width_tablet=&#8221;&#8221; width_phone=&#8221;80%&#8221; width_last_edited=&#8221;on|phone&#8221; custom_margin=&#8221;50px|||50px|false|false&#8221; custom_margin_tablet=&#8221;&#8221; custom_margin_phone=&#8221;50px|||0px|false|false&#8221; custom_margin_last_edited=&#8221;on|phone&#8221;][\/et_pb_image][\/et_pb_column][et_pb_column type=&#8221;2_5&#8243; _builder_version=&#8221;4.4.3&#8243;][\/et_pb_column][\/et_pb_row][\/et_pb_section][et_pb_section fb_built=&#8221;1&#8243; _builder_version=&#8221;4.4.3&#8243; custom_margin=&#8221;-100px||||false|false&#8221; custom_padding=&#8221;||150px|||&#8221;][et_pb_row column_structure=&#8221;1_3,1_3,1_3&#8243; _builder_version=&#8221;4.4.3&#8243; locked=&#8221;off&#8221;][et_pb_column type=&#8221;1_3&#8243; _builder_version=&#8221;4.4.3&#8243;][et_pb_image src=&#8221;https:\/\/casablanco.com.ar\/wp-content\/uploads\/2020\/08\/Group-323.jpg&#8221; url=&#8221;https:\/\/casablanco.com.ar\/index.php\/servicios\/&#8221; align_tablet=&#8221;&#8221; align_phone=&#8221;center&#8221; align_last_edited=&#8221;on|phone&#8221; _builder_version=&#8221;4.4.3&#8243; width_tablet=&#8221;&#8221; width_phone=&#8221;90%&#8221; width_last_edited=&#8221;on|phone&#8221; custom_margin_tablet=&#8221;&#8221; custom_margin_phone=&#8221;||30px||false|false&#8221; custom_margin_last_edited=&#8221;on|phone&#8221; transform_styles__hover_enabled=&#8221;on|hover&#8221; transform_scale__hover_enabled=&#8221;on|hover&#8221; transform_scale__hover=&#8221;108%|108%&#8221;][\/et_pb_image][\/et_pb_column][et_pb_column type=&#8221;1_3&#8243; _builder_version=&#8221;4.4.3&#8243;][et_pb_image src=&#8221;https:\/\/casablanco.com.ar\/wp-content\/uploads\/2020\/08\/Group-230.jpg&#8221; url=&#8221;https:\/\/casablanco.com.ar\/index.php\/ventajas-2\/&#8221; align_tablet=&#8221;&#8221; align_phone=&#8221;center&#8221; align_last_edited=&#8221;on|phone&#8221; _builder_version=&#8221;4.4.3&#8243; width_tablet=&#8221;&#8221; width_phone=&#8221;90%&#8221; width_last_edited=&#8221;on|phone&#8221; custom_margin_tablet=&#8221;&#8221; custom_margin_phone=&#8221;||30px||false|false&#8221; custom_margin_last_edited=&#8221;on|phone&#8221; transform_styles__hover_enabled=&#8221;on|hover&#8221; transform_scale__hover_enabled=&#8221;on|hover&#8221; transform_scale__hover=&#8221;108%|108%&#8221;][\/et_pb_image][\/et_pb_column][et_pb_column type=&#8221;1_3&#8243; _builder_version=&#8221;4.4.3&#8243;][et_pb_image src=&#8221;https:\/\/casablanco.com.ar\/wp-content\/uploads\/2020\/08\/Group-231.jpg&#8221; url=&#8221;https:\/\/casablanco.com.ar\/index.php\/galeria\/&#8221; align_tablet=&#8221;&#8221; align_phone=&#8221;center&#8221; align_last_edited=&#8221;on|phone&#8221; _builder_version=&#8221;4.4.3&#8243; width_tablet=&#8221;&#8221; width_phone=&#8221;90%&#8221; width_last_edited=&#8221;on|phone&#8221; src__hover_enabled=&#8221;off|hover&#8221; src__hover=&#8221;https:\/\/casablanco.com.ar\/wp-content\/uploads\/2020\/08\/Group-232.jpg&#8221; transform_styles__hover_enabled=&#8221;on|hover&#8221; transform_scale__hover_enabled=&#8221;on|hover&#8221; transform_translate__hover_enabled=&#8221;on|hover&#8221; transform_rotate__hover_enabled=&#8221;on|hover&#8221; transform_skew__hover_enabled=&#8221;on|hover&#8221; transform_origin__hover_enabled=&#8221;on|hover&#8221; transform_scale__hover=&#8221;108%|108%&#8221;][\/et_pb_image][\/et_pb_column][\/et_pb_row][\/et_pb_section]<\/p>\n","protected":false},"excerpt":{"rendered":"<p>[et_pb_section fb_built=&#8221;1&#8243; fullwidth=&#8221;on&#8221; _builder_version=&#8221;4.4.3&#8243;][et_pb_fullwidth_image src=&#8221;https:\/\/casablanco.com.ar\/wp-content\/uploads\/2020\/08\/portada-ventajas.jpg&#8221; _builder_version=&#8221;4.4.3&#8243; max_height=&#8221;360px&#8221; custom_padding=&#8221;||0px|||&#8221;][\/et_pb_fullwidth_image][\/et_pb_section][et_pb_section fb_built=&#8221;1&#8243; _builder_version=&#8221;4.4.3&#8243; background_image=&#8221;https:\/\/casablanco.com.ar\/wp-content\/uploads\/2020\/08\/Union-7.jpg&#8221; background_position=&#8221;bottom_center&#8221; custom_margin=&#8221;||-185px|||&#8221; custom_margin_tablet=&#8221;&#8221; custom_margin_phone=&#8221;&#8221; custom_margin_last_edited=&#8221;on|phone&#8221; custom_padding=&#8221;||320px||false|false&#8221;][et_pb_row column_structure=&#8221;3_5,2_5&#8243; _builder_version=&#8221;4.4.3&#8243; custom_margin=&#8221;50px|auto||auto||&#8221; custom_margin_tablet=&#8221;&#8221; custom_margin_phone=&#8221;0px|auto||auto|false|false&#8221; custom_margin_last_edited=&#8221;on|phone&#8221;][et_pb_column type=&#8221;3_5&#8243; _builder_version=&#8221;4.4.3&#8243;][et_pb_text _builder_version=&#8221;4.4.3&#8243; header_font=&#8221;Artegra ext regular||||||||&#8221; header_text_color=&#8221;#2DAFF5&#8243; header_font_size=&#8221;29px&#8221; header_letter_spacing=&#8221;3px&#8221; header_line_height=&#8221;1.2em&#8221; header_font_size_tablet=&#8221;&#8221; header_font_size_phone=&#8221;24px&#8221; header_font_size_last_edited=&#8221;on|phone&#8221;] \u00bfDE QU\u00c9 ESTAN HECHAS NUESTRAS ABERTURAS DE PVC? [\/et_pb_text][et_pb_divider color=&#8221;#2DAFF5&#8243; divider_weight=&#8221;3px&#8221; _builder_version=&#8221;4.4.3&#8243; width=&#8221;20%&#8221; custom_margin=&#8221;-10px||10px||false|false&#8221; custom_padding=&#8221;||||false|false&#8221;][\/et_pb_divider][et_pb_text _builder_version=&#8221;4.4.3&#8243; text_font=&#8221;Roboto|300|||||||&#8221; text_font_size=&#8221;18px&#8221; text_line_height=&#8221;1.75em&#8221; [&hellip;]<\/p>\n","protected":false},"author":1,"featured_media":0,"parent":0,"menu_order":0,"comment_status":"closed","ping_status":"closed","template":"","meta":{"_et_pb_use_builder":"on","_et_pb_old_content":"","_et_gb_content_width":""},"yoast_head":"<!-- This site is optimized with the Yoast SEO plugin v15.0 - https:\/\/yoast.com\/wordpress\/plugins\/seo\/ -->\n<title>insumos - Casa Blanco<\/title>\n<meta name=\"robots\" content=\"index, follow, max-snippet:-1, max-image-preview:large, max-video-preview:-1\" \/>\n<link rel=\"canonical\" href=\"https:\/\/casablanco.com.ar\/index.php\/ventajas\/\" \/>\n<meta property=\"og:locale\" content=\"es_ES\" \/>\n<meta property=\"og:type\" content=\"article\" \/>\n<meta property=\"og:title\" content=\"insumos - Casa Blanco\" \/>\n<meta property=\"og:description\" content=\"[et_pb_section fb_built=&#8221;1&#8243; fullwidth=&#8221;on&#8221; _builder_version=&#8221;4.4.3&#8243;][et_pb_fullwidth_image src=&#8221;https:\/\/casablanco.com.ar\/wp-content\/uploads\/2020\/08\/portada-ventajas.jpg&#8221; _builder_version=&#8221;4.4.3&#8243; max_height=&#8221;360px&#8221; custom_padding=&#8221;||0px|||&#8221;][\/et_pb_fullwidth_image][\/et_pb_section][et_pb_section fb_built=&#8221;1&#8243; _builder_version=&#8221;4.4.3&#8243; background_image=&#8221;https:\/\/casablanco.com.ar\/wp-content\/uploads\/2020\/08\/Union-7.jpg&#8221; background_position=&#8221;bottom_center&#8221; custom_margin=&#8221;||-185px|||&#8221; custom_margin_tablet=&#8221;&#8221; custom_margin_phone=&#8221;&#8221; custom_margin_last_edited=&#8221;on|phone&#8221; custom_padding=&#8221;||320px||false|false&#8221;][et_pb_row column_structure=&#8221;3_5,2_5&#8243; _builder_version=&#8221;4.4.3&#8243; custom_margin=&#8221;50px|auto||auto||&#8221; custom_margin_tablet=&#8221;&#8221; custom_margin_phone=&#8221;0px|auto||auto|false|false&#8221; custom_margin_last_edited=&#8221;on|phone&#8221;][et_pb_column type=&#8221;3_5&#8243; _builder_version=&#8221;4.4.3&#8243;][et_pb_text _builder_version=&#8221;4.4.3&#8243; header_font=&#8221;Artegra ext regular||||||||&#8221; header_text_color=&#8221;#2DAFF5&#8243; header_font_size=&#8221;29px&#8221; header_letter_spacing=&#8221;3px&#8221; header_line_height=&#8221;1.2em&#8221; header_font_size_tablet=&#8221;&#8221; header_font_size_phone=&#8221;24px&#8221; header_font_size_last_edited=&#8221;on|phone&#8221;] \u00bfDE QU\u00c9 ESTAN HECHAS NUESTRAS ABERTURAS DE PVC? [\/et_pb_text][et_pb_divider color=&#8221;#2DAFF5&#8243; divider_weight=&#8221;3px&#8221; _builder_version=&#8221;4.4.3&#8243; width=&#8221;20%&#8221; custom_margin=&#8221;-10px||10px||false|false&#8221; custom_padding=&#8221;||||false|false&#8221;][\/et_pb_divider][et_pb_text _builder_version=&#8221;4.4.3&#8243; text_font=&#8221;Roboto|300|||||||&#8221; text_font_size=&#8221;18px&#8221; text_line_height=&#8221;1.75em&#8221; [&hellip;]\" \/>\n<meta property=\"og:url\" content=\"https:\/\/casablanco.com.ar\/index.php\/ventajas\/\" \/>\n<meta property=\"og:site_name\" content=\"Casa Blanco\" \/>\n<meta property=\"article:modified_time\" content=\"2020-10-13T17:42:03+00:00\" \/>\n<meta name=\"twitter:card\" content=\"summary_large_image\" \/>\n<script type=\"application\/ld+json\" class=\"yoast-schema-graph\">{\"@context\":\"https:\/\/schema.org\",\"@graph\":[{\"@type\":\"WebSite\",\"@id\":\"https:\/\/casablanco.com.ar\/#website\",\"url\":\"https:\/\/casablanco.com.ar\/\",\"name\":\"Casa Blanco\",\"description\":\"\",\"potentialAction\":[{\"@type\":\"SearchAction\",\"target\":\"https:\/\/casablanco.com.ar\/?s={search_term_string}\",\"query-input\":\"required name=search_term_string\"}],\"inLanguage\":\"es\"},{\"@type\":\"WebPage\",\"@id\":\"https:\/\/casablanco.com.ar\/index.php\/ventajas\/#webpage\",\"url\":\"https:\/\/casablanco.com.ar\/index.php\/ventajas\/\",\"name\":\"insumos - Casa Blanco\",\"isPartOf\":{\"@id\":\"https:\/\/casablanco.com.ar\/#website\"},\"datePublished\":\"2020-08-07T02:38:28+00:00\",\"dateModified\":\"2020-10-13T17:42:03+00:00\",\"inLanguage\":\"es\",\"potentialAction\":[{\"@type\":\"ReadAction\",\"target\":[\"https:\/\/casablanco.com.ar\/index.php\/ventajas\/\"]}]}]}<\/script>\n<!-- \/ Yoast SEO plugin. -->","_links":{"self":[{"href":"https:\/\/casablanco.com.ar\/index.php\/wp-json\/wp\/v2\/pages\/20587"}],"collection":[{"href":"https:\/\/casablanco.com.ar\/index.php\/wp-json\/wp\/v2\/pages"}],"about":[{"href":"https:\/\/casablanco.com.ar\/index.php\/wp-json\/wp\/v2\/types\/page"}],"author":[{"embeddable":true,"href":"https:\/\/casablanco.com.ar\/index.php\/wp-json\/wp\/v2\/users\/1"}],"replies":[{"embeddable":true,"href":"https:\/\/casablanco.com.ar\/index.php\/wp-json\/wp\/v2\/comments?post=20587"}],"version-history":[{"count":14,"href":"https:\/\/casablanco.com.ar\/index.php\/wp-json\/wp\/v2\/pages\/20587\/revisions"}],"predecessor-version":[{"id":22137,"href":"https:\/\/casablanco.com.ar\/index.php\/wp-json\/wp\/v2\/pages\/20587\/revisions\/22137"}],"wp:attachment":[{"href":"https:\/\/casablanco.com.ar\/index.php\/wp-json\/wp\/v2\/media?parent=20587"}],"curies":[{"name":"wp","href":"https:\/\/api.w.org\/{rel}","templated":true}]}}