{"id":21017,"date":"2020-08-21T19:53:45","date_gmt":"2020-08-21T19:53:45","guid":{"rendered":"https:\/\/casablanco.com.ar\/?page_id=21017"},"modified":"2020-09-10T16:54:34","modified_gmt":"2020-09-10T16:54:34","slug":"griferia","status":"publish","type":"page","link":"https:\/\/casablanco.com.ar\/index.php\/griferia\/","title":{"rendered":"Griferia"},"content":{"rendered":"<p>[et_pb_section fb_built=&#8221;1&#8243; _builder_version=&#8221;4.4.3&#8243; custom_padding=&#8221;100px||160px|||&#8221;][et_pb_row column_structure=&#8221;2_5,3_5&#8243; _builder_version=&#8221;4.4.3&#8243; custom_margin=&#8221;61px|auto||auto||&#8221;][et_pb_column type=&#8221;2_5&#8243; _builder_version=&#8221;4.4.3&#8243;][et_pb_text _builder_version=&#8221;4.4.3&#8243; header_font=&#8221;Artegra ext regular||||||||&#8221; header_text_color=&#8221;#2daff5&#8243; header_font_size=&#8221;41px&#8221; header_letter_spacing=&#8221;7px&#8221; header_line_height=&#8221;1.1em&#8221; hover_enabled=&#8221;0&#8243; header_font_size_last_edited=&#8221;on|phone&#8221; header_font_size_phone=&#8221;30px&#8221;]<\/p>\n<h1>GRIFERIA<\/h1>\n<p>[\/et_pb_text][et_pb_divider color=&#8221;#2DAFF5&#8243; divider_weight=&#8221;3px&#8221; _builder_version=&#8221;4.4.3&#8243; width=&#8221;20%&#8221; custom_margin=&#8221;-10px||10px||false|false&#8221; custom_padding=&#8221;||||false|false&#8221; locked=&#8221;off&#8221;][\/et_pb_divider][et_pb_text _builder_version=&#8221;4.4.3&#8243; text_font=&#8221;Roboto|300|||||||&#8221; text_font_size=&#8221;18px&#8221; text_line_height=&#8221;1.75em&#8221; custom_margin=&#8221;|-39px||||&#8221; custom_margin_tablet=&#8221;&#8221; custom_margin_phone=&#8221;|0px|||false|false&#8221; custom_margin_last_edited=&#8221;on|phone&#8221; custom_padding_tablet=&#8221;&#8221; custom_padding_phone=&#8221;|20px|30px||false|false&#8221; custom_padding_last_edited=&#8221;on|phone&#8221; text_font_size_tablet=&#8221;&#8221; text_font_size_phone=&#8221;16px&#8221; text_font_size_last_edited=&#8221;on|phone&#8221;]<\/p>\n<p>Tenemos desde los productos m\u00e1s convencionales a lo m\u00e1s innovador del mercado; sistemas de v\u00e1lvulas, digitales, con sensores.<br \/> Grifer\u00edas para ba\u00f1o, hidromasaje, cocina y accesorios. Sistemas Monocomando, cierre cer\u00e1mico, b\u00e1stago no ascendente.<\/p>\n<p>[\/et_pb_text][et_pb_button button_text=&#8221;PEDIR PRESUPUESTO&#8221; button_alignment=&#8221;left&#8221; _builder_version=&#8221;4.4.3&#8243; custom_button=&#8221;on&#8221; button_text_size=&#8221;16px&#8221; button_text_color=&#8221;#FFFFFF&#8221; button_bg_color=&#8221;#2DAFF5&#8243; button_border_width=&#8221;0px&#8221; button_border_radius=&#8221;0px&#8221; button_letter_spacing=&#8221;4px&#8221; button_font=&#8221;Roboto||||||||&#8221; button_use_icon=&#8221;off&#8221; custom_margin_phone=&#8221;||||false|false&#8221; custom_margin_last_edited=&#8221;off|phone&#8221; custom_padding=&#8221;8px|35px|8px|35px|false|false&#8221; button_text_size_tablet=&#8221;&#8221; button_text_size_phone=&#8221;14px&#8221; button_text_size_last_edited=&#8221;on|phone&#8221; box_shadow_style=&#8221;preset1&#8243; locked=&#8221;off&#8221; box_shadow_vertical__hover=&#8221;8px&#8221; box_shadow_vertical__hover_enabled=&#8221;on|hover&#8221; box_shadow_blur__hover=&#8221;20px&#8221; box_shadow_blur__hover_enabled=&#8221;on|hover&#8221; button_text_color__hover=&#8221;#ffffff&#8221; button_text_color__hover_enabled=&#8221;on|desktop&#8221; button_bg_color__hover_enabled=&#8221;on|hover&#8221;][\/et_pb_button][\/et_pb_column][et_pb_column type=&#8221;3_5&#8243; _builder_version=&#8221;4.4.3&#8243;][dica_divi_carousel show_items_desktop=&#8221;1&#8243; show_items_tablet=&#8221;1&#8243; multislide=&#8221;on&#8221; autoplay=&#8221;on&#8221; dot_nav=&#8221;on&#8221; item_vertical_align=&#8221;flex-start&#8221; advanced_effect=&#8221;1&#8243; _builder_version=&#8221;4.4.3&#8243; custom_margin=&#8221;-78px|-230px||118px||&#8221; custom_margin_tablet=&#8221;&#8221; custom_margin_phone=&#8221;60px|-30px||-30px|false|false&#8221; custom_margin_last_edited=&#8221;on|phone&#8221; locked=&#8221;off&#8221;][dica_divi_carouselitem button_url_new_window=&#8221;1&#8243; image=&#8221;https:\/\/casablanco.com.ar\/wp-content\/uploads\/2020\/08\/Grupo-316.png&#8221; _builder_version=&#8221;4.4.3&#8243;][\/dica_divi_carouselitem][dica_divi_carouselitem button_url_new_window=&#8221;1&#8243; image=&#8221;https:\/\/casablanco.com.ar\/wp-content\/uploads\/2020\/08\/ESCUADRA_ROCA_FIN02_TF_Web_Big.jpeg&#8221; _builder_version=&#8221;4.4.3&#8243;][\/dica_divi_carouselitem][dica_divi_carouselitem button_url_new_window=&#8221;1&#8243; image=&#8221;https:\/\/casablanco.com.ar\/wp-content\/uploads\/2020\/08\/ESCUADRA_TF_Web_Big-1.jpeg&#8221; _builder_version=&#8221;4.4.3&#8243;][\/dica_divi_carouselitem][dica_divi_carouselitem button_url_new_window=&#8221;1&#8243; image=&#8221;https:\/\/casablanco.com.ar\/wp-content\/uploads\/2020\/08\/Escuadra_003_TF_Web_Big.jpeg&#8221; _builder_version=&#8221;4.4.3&#8243;][\/dica_divi_carouselitem][dica_divi_carouselitem button_url_new_window=&#8221;1&#8243; image=&#8221;https:\/\/casablanco.com.ar\/wp-content\/uploads\/2020\/08\/VICTORIA_ROCA_AMB05_TF_Web_Big.jpeg&#8221; _builder_version=&#8221;4.4.3&#8243;][\/dica_divi_carouselitem][\/dica_divi_carousel][\/et_pb_column][\/et_pb_row][et_pb_row column_structure=&#8221;1_4,1_4,1_4,1_4&#8243; module_class=&#8221;categoria&#8221; _builder_version=&#8221;4.4.3&#8243; transform_scale_phone=&#8221;100%|100%&#8221; transform_scale_last_edited=&#8221;off|desktop&#8221; transform_translate_last_edited=&#8221;off|desktop&#8221; transform_translate_linked=&#8221;off&#8221; transform_rotate_last_edited=&#8221;off|desktop&#8221; transform_skew_last_edited=&#8221;off|desktop&#8221; transform_origin_last_edited=&#8221;off|desktop&#8221; transform_styles_last_edited=&#8221;off|desktop&#8221; width=&#8221;100%&#8221; module_alignment=&#8221;center&#8221; custom_margin=&#8221;74px|auto|25px|auto|false|false&#8221; custom_margin_tablet=&#8221;&#8221; custom_margin_phone=&#8221;40px||||false|false&#8221; custom_margin_last_edited=&#8221;on|phone&#8221; custom_padding=&#8221;|||0px||&#8221; locked=&#8221;off&#8221;][et_pb_column type=&#8221;1_4&#8243; _builder_version=&#8221;4.4.3&#8243;][et_pb_image src=&#8221;https:\/\/casablanco.com.ar\/wp-content\/uploads\/2020\/08\/Image-6.jpg&#8221; align=&#8221;center&#8221; _builder_version=&#8221;4.4.3&#8243; width=&#8221;80%&#8221; width_tablet=&#8221;&#8221; width_phone=&#8221;70%&#8221; width_last_edited=&#8221;on|phone&#8221; max_width=&#8221;100%&#8221; max_width_last_edited=&#8221;off|desktop&#8221; custom_margin=&#8221;50px||55px||false|false&#8221; custom_padding=&#8221;|0px||||&#8221; custom_padding_phone=&#8221;||||false|false&#8221; custom_padding_last_edited=&#8221;off|phone&#8221; module_alignment_tablet=&#8221;&#8221; module_alignment_phone=&#8221;center&#8221; module_alignment_last_edited=&#8221;on|phone&#8221;][\/et_pb_image][et_pb_text _builder_version=&#8221;4.4.3&#8243; text_font=&#8221;Roboto|300|on||||||&#8221; text_font_size=&#8221;24px&#8221; custom_margin=&#8221;-13px||||false|false&#8221; custom_padding=&#8221;|||30px|false|false&#8221; custom_padding_tablet=&#8221;&#8221; custom_padding_phone=&#8221;|||50px|false|false&#8221; custom_padding_last_edited=&#8221;on|phone&#8221; text_font_size_tablet=&#8221;&#8221; text_font_size_phone=&#8221;20px&#8221; text_font_size_last_edited=&#8221;on|phone&#8221;]<\/p>\n<p>Ba\u00f1os<\/p>\n<p>[\/et_pb_text][\/et_pb_column][et_pb_column type=&#8221;1_4&#8243; _builder_version=&#8221;4.4.3&#8243;][et_pb_image src=&#8221;https:\/\/casablanco.com.ar\/wp-content\/uploads\/2020\/08\/roca-hidromasaje.jpg&#8221; align_tablet=&#8221;&#8221; align_phone=&#8221;center&#8221; align_last_edited=&#8221;on|phone&#8221; _builder_version=&#8221;4.4.3&#8243; max_width=&#8221;100%&#8221; max_width_tablet=&#8221;&#8221; max_width_phone=&#8221;65%&#8221; max_width_last_edited=&#8221;on|phone&#8221; custom_margin=&#8221;29px||41px||false|false&#8221; custom_margin_tablet=&#8221;&#8221; custom_margin_phone=&#8221;60px|||20px|false|false&#8221; custom_margin_last_edited=&#8221;on|desktop&#8221;][\/et_pb_image][et_pb_text _builder_version=&#8221;4.4.3&#8243; text_font=&#8221;Roboto|300|on||||||&#8221; text_font_size=&#8221;24px&#8221; custom_margin=&#8221;1px|||||&#8221; custom_margin_last_edited=&#8221;off|phone&#8221; custom_padding_tablet=&#8221;&#8221; custom_padding_phone=&#8221;|20px||20px|false|false&#8221; custom_padding_last_edited=&#8221;on|phone&#8221; text_font_size_tablet=&#8221;&#8221; text_font_size_phone=&#8221;20px&#8221; text_font_size_last_edited=&#8221;on|phone&#8221;]<\/p>\n<p>Duchas e hidromasajes<\/p>\n<p>[\/et_pb_text][\/et_pb_column][et_pb_column type=&#8221;1_4&#8243; _builder_version=&#8221;4.4.3&#8243;][et_pb_image src=&#8221;https:\/\/casablanco.com.ar\/wp-content\/uploads\/2020\/08\/Mask-Group-10.jpg&#8221; align=&#8221;center&#8221; _builder_version=&#8221;4.4.3&#8243; max_width=&#8221;100%&#8221; max_width_tablet=&#8221;&#8221; max_width_phone=&#8221;65%&#8221; max_width_last_edited=&#8221;on|desktop&#8221; custom_margin=&#8221;61px||33px|-23px|false|false&#8221; custom_margin_tablet=&#8221;&#8221; custom_margin_phone=&#8221;78px||33px|25px|false|false&#8221; custom_margin_last_edited=&#8221;on|desktop&#8221; custom_padding=&#8221;|||0px||&#8221;][\/et_pb_image][et_pb_text _builder_version=&#8221;4.4.3&#8243; text_font=&#8221;Roboto|300|on||||||&#8221; text_font_size=&#8221;24px&#8221; custom_padding=&#8221;|||23px||&#8221; custom_padding_tablet=&#8221;&#8221; custom_padding_phone=&#8221;|||50px|false|false&#8221; custom_padding_last_edited=&#8221;on|phone&#8221; text_font_size_tablet=&#8221;&#8221; text_font_size_phone=&#8221;20px&#8221; text_font_size_last_edited=&#8221;on|phone&#8221;]<\/p>\n<p>Accesorios<\/p>\n<p>[\/et_pb_text][\/et_pb_column][et_pb_column type=&#8221;1_4&#8243; _builder_version=&#8221;4.4.3&#8243;][et_pb_image src=&#8221;https:\/\/casablanco.com.ar\/wp-content\/uploads\/2020\/08\/Mask-Group-8.jpg&#8221; align_tablet=&#8221;&#8221; align_phone=&#8221;center&#8221; align_last_edited=&#8221;on|phone&#8221; _builder_version=&#8221;4.4.3&#8243; max_width=&#8221;100%&#8221; max_width_tablet=&#8221;&#8221; max_width_phone=&#8221;60%&#8221; max_width_last_edited=&#8221;on|desktop&#8221; custom_margin=&#8221;19px||17px||false|false&#8221; custom_margin_tablet=&#8221;&#8221; custom_margin_phone=&#8221;19px||17px|20px|false|false&#8221; custom_margin_last_edited=&#8221;on|phone&#8221; custom_padding_tablet=&#8221;&#8221; custom_padding_phone=&#8221;||||false|false&#8221; custom_padding_last_edited=&#8221;on|phone&#8221;][\/et_pb_image][et_pb_text _builder_version=&#8221;4.4.3&#8243; text_font=&#8221;Roboto|300|on||||||&#8221; text_font_size=&#8221;24px&#8221; custom_margin=&#8221;41px|||0px|false|false&#8221; custom_margin_tablet=&#8221;&#8221; custom_margin_phone=&#8221;41px|||20px|false|false&#8221; custom_margin_last_edited=&#8221;on|desktop&#8221; text_font_size_tablet=&#8221;&#8221; text_font_size_phone=&#8221;20px&#8221; text_font_size_last_edited=&#8221;on|phone&#8221;]<\/p>\n<p>Cocina<\/p>\n<p>[\/et_pb_text][\/et_pb_column][\/et_pb_row][et_pb_row column_structure=&#8221;1_4,1_4,1_4,1_4&#8243; _builder_version=&#8221;4.4.3&#8243; custom_margin=&#8221;60px|auto||auto||&#8221; custom_margin_tablet=&#8221;&#8221; custom_margin_phone=&#8221;0px|auto||auto|false|false&#8221; custom_margin_last_edited=&#8221;on|phone&#8221;][et_pb_column type=&#8221;1_4&#8243; _builder_version=&#8221;4.4.3&#8243;][\/et_pb_column][et_pb_column type=&#8221;1_4&#8243; _builder_version=&#8221;4.4.3&#8243;][\/et_pb_column][et_pb_column type=&#8221;1_4&#8243; _builder_version=&#8221;4.4.3&#8243;][et_pb_image src=&#8221;https:\/\/casablanco.com.ar\/wp-content\/uploads\/2020\/08\/Group-292.png&#8221; align_tablet=&#8221;&#8221; align_phone=&#8221;center&#8221; align_last_edited=&#8221;on|phone&#8221; _builder_version=&#8221;4.4.3&#8243; custom_margin=&#8221;14px|||||&#8221;][\/et_pb_image][et_pb_button button_url=&#8221;http:\/\/www.estalgrif.com\/productos.php&#8221; url_new_window=&#8221;on&#8221; button_text=&#8221;VER CAT\u00c1LOGO&#8221; button_alignment_tablet=&#8221;&#8221; button_alignment_phone=&#8221;center&#8221; button_alignment_last_edited=&#8221;on|phone&#8221; _builder_version=&#8221;4.4.3&#8243; custom_button=&#8221;on&#8221; button_text_size=&#8221;15px&#8221; button_text_color=&#8221;#2DAFF5&#8243; button_bg_color=&#8221;rgba(0,0,0,0)&#8221; button_border_width=&#8221;2px&#8221; button_border_color=&#8221;#2DAFF5&#8243; button_border_radius=&#8221;0px&#8221; button_letter_spacing=&#8221;4px&#8221; button_font=&#8221;Roboto||||||||&#8221; button_use_icon=&#8221;off&#8221; custom_margin=&#8221;47px||17px|||&#8221; custom_padding=&#8221;8px|30px|8px|30px|false|false&#8221; button_text_size_tablet=&#8221;&#8221; button_text_size_phone=&#8221;14px&#8221; button_text_size_last_edited=&#8221;on|phone&#8221; box_shadow_style=&#8221;preset1&#8243; box_shadow_blur=&#8221;12px&#8221; box_shadow_spread=&#8221;-7px&#8221; locked=&#8221;off&#8221; button_text_size__hover=&#8221;14px&#8221; button_text_size__hover_enabled=&#8221;off|desktop&#8221; button_text_color__hover=&#8221;#2DAFF5&#8243; button_text_color__hover_enabled=&#8221;on|hover&#8221; button_bg_color__hover=&#8221;#f4f4f4&#8243; button_bg_color__hover_enabled=&#8221;on|hover&#8221; button_bg_enable_color__hover=&#8221;on&#8221; box_shadow_spread__hover_enabled=&#8221;on|hover&#8221; box_shadow_spread__hover=&#8221;1px&#8221;][\/et_pb_button][\/et_pb_column][et_pb_column type=&#8221;1_4&#8243; _builder_version=&#8221;4.4.3&#8243;][et_pb_image src=&#8221;https:\/\/casablanco.com.ar\/wp-content\/uploads\/2020\/08\/Mask-Group-91.jpg&#8221; align_tablet=&#8221;center&#8221; align_phone=&#8221;center&#8221; align_last_edited=&#8221;on|tablet&#8221; _builder_version=&#8221;4.4.3&#8243; custom_margin=&#8221;|||23px||&#8221;][\/et_pb_image][et_pb_button button_url=&#8221;http:\/\/www.roca.com.ar\/catalogo\/productos\/#!\/griferia&#8221; url_new_window=&#8221;on&#8221; button_text=&#8221;VER CAT\u00c1LOGO&#8221; button_alignment_tablet=&#8221;&#8221; button_alignment_phone=&#8221;center&#8221; button_alignment_last_edited=&#8221;on|phone&#8221; _builder_version=&#8221;4.4.3&#8243; custom_button=&#8221;on&#8221; button_text_size=&#8221;15px&#8221; button_text_color=&#8221;#2DAFF5&#8243; button_bg_color=&#8221;rgba(0,0,0,0)&#8221; button_border_width=&#8221;2px&#8221; button_border_color=&#8221;#2DAFF5&#8243; button_border_radius=&#8221;0px&#8221; button_letter_spacing=&#8221;4px&#8221; button_font=&#8221;Roboto||||||||&#8221; button_use_icon=&#8221;off&#8221; custom_margin=&#8221;21px||17px|||&#8221; custom_padding=&#8221;8px|30px|8px|30px|false|false&#8221; button_text_size_tablet=&#8221;&#8221; button_text_size_phone=&#8221;14px&#8221; button_text_size_last_edited=&#8221;on|phone&#8221; box_shadow_style=&#8221;preset1&#8243; box_shadow_blur=&#8221;12px&#8221; box_shadow_spread=&#8221;-7px&#8221; locked=&#8221;off&#8221; button_text_size__hover=&#8221;14px&#8221; button_text_size__hover_enabled=&#8221;off|desktop&#8221; button_text_color__hover=&#8221;#2DAFF5&#8243; button_text_color__hover_enabled=&#8221;on|hover&#8221; button_bg_color__hover=&#8221;#f4f4f4&#8243; button_bg_color__hover_enabled=&#8221;on|hover&#8221; button_bg_enable_color__hover=&#8221;on&#8221; box_shadow_spread__hover_enabled=&#8221;on|hover&#8221; box_shadow_spread__hover=&#8221;1px&#8221;][\/et_pb_button][\/et_pb_column][\/et_pb_row][\/et_pb_section][et_pb_section fb_built=&#8221;1&#8243; _builder_version=&#8221;4.4.3&#8243; background_image=&#8221;https:\/\/casablanco.com.ar\/wp-content\/uploads\/2020\/08\/Grupo-321.png&#8221;][et_pb_row _builder_version=&#8221;4.4.3&#8243;][et_pb_column type=&#8221;4_4&#8243; _builder_version=&#8221;4.4.3&#8243;][et_pb_image src=&#8221;https:\/\/casablanco.com.ar\/wp-content\/uploads\/2020\/08\/Group-81.png&#8221; align=&#8221;center&#8221; _builder_version=&#8221;4.4.3&#8243;][\/et_pb_image][\/et_pb_column][\/et_pb_row][\/et_pb_section]<\/p>\n","protected":false},"excerpt":{"rendered":"<p>[et_pb_section fb_built=&#8221;1&#8243; _builder_version=&#8221;4.4.3&#8243; custom_padding=&#8221;100px||160px|||&#8221;][et_pb_row column_structure=&#8221;2_5,3_5&#8243; _builder_version=&#8221;4.4.3&#8243; custom_margin=&#8221;61px|auto||auto||&#8221;][et_pb_column type=&#8221;2_5&#8243; _builder_version=&#8221;4.4.3&#8243;][et_pb_text _builder_version=&#8221;4.4.3&#8243; header_font=&#8221;Artegra ext regular||||||||&#8221; header_text_color=&#8221;#2daff5&#8243; header_font_size=&#8221;41px&#8221; header_letter_spacing=&#8221;7px&#8221; header_line_height=&#8221;1.1em&#8221; hover_enabled=&#8221;0&#8243; header_font_size_last_edited=&#8221;on|phone&#8221; header_font_size_phone=&#8221;30px&#8221;] GRIFERIA [\/et_pb_text][et_pb_divider color=&#8221;#2DAFF5&#8243; divider_weight=&#8221;3px&#8221; _builder_version=&#8221;4.4.3&#8243; width=&#8221;20%&#8221; custom_margin=&#8221;-10px||10px||false|false&#8221; custom_padding=&#8221;||||false|false&#8221; locked=&#8221;off&#8221;][\/et_pb_divider][et_pb_text _builder_version=&#8221;4.4.3&#8243; text_font=&#8221;Roboto|300|||||||&#8221; text_font_size=&#8221;18px&#8221; text_line_height=&#8221;1.75em&#8221; custom_margin=&#8221;|-39px||||&#8221; custom_margin_tablet=&#8221;&#8221; custom_margin_phone=&#8221;|0px|||false|false&#8221; custom_margin_last_edited=&#8221;on|phone&#8221; custom_padding_tablet=&#8221;&#8221; custom_padding_phone=&#8221;|20px|30px||false|false&#8221; custom_padding_last_edited=&#8221;on|phone&#8221; text_font_size_tablet=&#8221;&#8221; text_font_size_phone=&#8221;16px&#8221; text_font_size_last_edited=&#8221;on|phone&#8221;] Tenemos desde los productos m\u00e1s convencionales a lo m\u00e1s innovador del mercado; [&hellip;]<\/p>\n","protected":false},"author":1,"featured_media":0,"parent":0,"menu_order":0,"comment_status":"closed","ping_status":"closed","template":"","meta":{"_et_pb_use_builder":"on","_et_pb_old_content":"","_et_gb_content_width":""},"yoast_head":"<!-- This site is optimized with the Yoast SEO plugin v15.0 - https:\/\/yoast.com\/wordpress\/plugins\/seo\/ -->\n<title>Griferia - Casa Blanco<\/title>\n<meta name=\"robots\" content=\"index, follow, max-snippet:-1, max-image-preview:large, max-video-preview:-1\" \/>\n<link rel=\"canonical\" href=\"https:\/\/casablanco.com.ar\/index.php\/griferia\/\" \/>\n<meta property=\"og:locale\" content=\"es_ES\" \/>\n<meta property=\"og:type\" content=\"article\" \/>\n<meta property=\"og:title\" content=\"Griferia - Casa Blanco\" \/>\n<meta property=\"og:description\" content=\"[et_pb_section fb_built=&#8221;1&#8243; _builder_version=&#8221;4.4.3&#8243; custom_padding=&#8221;100px||160px|||&#8221;][et_pb_row column_structure=&#8221;2_5,3_5&#8243; _builder_version=&#8221;4.4.3&#8243; custom_margin=&#8221;61px|auto||auto||&#8221;][et_pb_column type=&#8221;2_5&#8243; _builder_version=&#8221;4.4.3&#8243;][et_pb_text _builder_version=&#8221;4.4.3&#8243; header_font=&#8221;Artegra ext regular||||||||&#8221; header_text_color=&#8221;#2daff5&#8243; header_font_size=&#8221;41px&#8221; header_letter_spacing=&#8221;7px&#8221; header_line_height=&#8221;1.1em&#8221; hover_enabled=&#8221;0&#8243; header_font_size_last_edited=&#8221;on|phone&#8221; header_font_size_phone=&#8221;30px&#8221;] GRIFERIA [\/et_pb_text][et_pb_divider color=&#8221;#2DAFF5&#8243; divider_weight=&#8221;3px&#8221; _builder_version=&#8221;4.4.3&#8243; width=&#8221;20%&#8221; custom_margin=&#8221;-10px||10px||false|false&#8221; custom_padding=&#8221;||||false|false&#8221; locked=&#8221;off&#8221;][\/et_pb_divider][et_pb_text _builder_version=&#8221;4.4.3&#8243; text_font=&#8221;Roboto|300|||||||&#8221; text_font_size=&#8221;18px&#8221; text_line_height=&#8221;1.75em&#8221; custom_margin=&#8221;|-39px||||&#8221; custom_margin_tablet=&#8221;&#8221; custom_margin_phone=&#8221;|0px|||false|false&#8221; custom_margin_last_edited=&#8221;on|phone&#8221; custom_padding_tablet=&#8221;&#8221; custom_padding_phone=&#8221;|20px|30px||false|false&#8221; custom_padding_last_edited=&#8221;on|phone&#8221; text_font_size_tablet=&#8221;&#8221; text_font_size_phone=&#8221;16px&#8221; text_font_size_last_edited=&#8221;on|phone&#8221;] Tenemos desde los productos m\u00e1s convencionales a lo m\u00e1s innovador del mercado; [&hellip;]\" \/>\n<meta property=\"og:url\" content=\"https:\/\/casablanco.com.ar\/index.php\/griferia\/\" \/>\n<meta property=\"og:site_name\" content=\"Casa Blanco\" \/>\n<meta property=\"article:modified_time\" content=\"2020-09-10T16:54:34+00:00\" \/>\n<meta name=\"twitter:card\" content=\"summary_large_image\" \/>\n<script type=\"application\/ld+json\" class=\"yoast-schema-graph\">{\"@context\":\"https:\/\/schema.org\",\"@graph\":[{\"@type\":\"WebSite\",\"@id\":\"https:\/\/casablanco.com.ar\/#website\",\"url\":\"https:\/\/casablanco.com.ar\/\",\"name\":\"Casa Blanco\",\"description\":\"\",\"potentialAction\":[{\"@type\":\"SearchAction\",\"target\":\"https:\/\/casablanco.com.ar\/?s={search_term_string}\",\"query-input\":\"required name=search_term_string\"}],\"inLanguage\":\"es\"},{\"@type\":\"WebPage\",\"@id\":\"https:\/\/casablanco.com.ar\/index.php\/griferia\/#webpage\",\"url\":\"https:\/\/casablanco.com.ar\/index.php\/griferia\/\",\"name\":\"Griferia - Casa Blanco\",\"isPartOf\":{\"@id\":\"https:\/\/casablanco.com.ar\/#website\"},\"datePublished\":\"2020-08-21T19:53:45+00:00\",\"dateModified\":\"2020-09-10T16:54:34+00:00\",\"inLanguage\":\"es\",\"potentialAction\":[{\"@type\":\"ReadAction\",\"target\":[\"https:\/\/casablanco.com.ar\/index.php\/griferia\/\"]}]}]}<\/script>\n<!-- \/ Yoast SEO plugin. -->","_links":{"self":[{"href":"https:\/\/casablanco.com.ar\/index.php\/wp-json\/wp\/v2\/pages\/21017"}],"collection":[{"href":"https:\/\/casablanco.com.ar\/index.php\/wp-json\/wp\/v2\/pages"}],"about":[{"href":"https:\/\/casablanco.com.ar\/index.php\/wp-json\/wp\/v2\/types\/page"}],"author":[{"embeddable":true,"href":"https:\/\/casablanco.com.ar\/index.php\/wp-json\/wp\/v2\/users\/1"}],"replies":[{"embeddable":true,"href":"https:\/\/casablanco.com.ar\/index.php\/wp-json\/wp\/v2\/comments?post=21017"}],"version-history":[{"count":22,"href":"https:\/\/casablanco.com.ar\/index.php\/wp-json\/wp\/v2\/pages\/21017\/revisions"}],"predecessor-version":[{"id":22055,"href":"https:\/\/casablanco.com.ar\/index.php\/wp-json\/wp\/v2\/pages\/21017\/revisions\/22055"}],"wp:attachment":[{"href":"https:\/\/casablanco.com.ar\/index.php\/wp-json\/wp\/v2\/media?parent=21017"}],"curies":[{"name":"wp","href":"https:\/\/api.w.org\/{rel}","templated":true}]}}