{"id":21091,"date":"2020-08-21T22:04:12","date_gmt":"2020-08-21T22:04:12","guid":{"rendered":"https:\/\/casablanco.com.ar\/?page_id=21091"},"modified":"2020-09-10T16:59:59","modified_gmt":"2020-09-10T16:59:59","slug":"calefaccion","status":"publish","type":"page","link":"https:\/\/casablanco.com.ar\/index.php\/calefaccion\/","title":{"rendered":"Calefaccion"},"content":{"rendered":"<p>[et_pb_section fb_built=&#8221;1&#8243; custom_padding_last_edited=&#8221;on|phone&#8221; _builder_version=&#8221;4.4.3&#8243; custom_padding=&#8221;100px|||||&#8221; custom_padding_tablet=&#8221;&#8221; custom_padding_phone=&#8221;60px||||false|false&#8221;][et_pb_row column_structure=&#8221;2_5,3_5&#8243; _builder_version=&#8221;4.4.3&#8243; custom_margin=&#8221;61px|auto||auto||&#8221; custom_margin_tablet=&#8221;&#8221; custom_margin_phone=&#8221;0px|auto||auto|false|false&#8221; custom_margin_last_edited=&#8221;on|phone&#8221; custom_padding=&#8221;||83px|||&#8221;][et_pb_column type=&#8221;2_5&#8243; _builder_version=&#8221;4.4.3&#8243;][et_pb_text _builder_version=&#8221;4.4.3&#8243; header_font=&#8221;Artegra ext regular||||||||&#8221; header_text_color=&#8221;#2daff5&#8243; header_font_size=&#8221;41px&#8221; header_letter_spacing=&#8221;7px&#8221; header_line_height=&#8221;1.1em&#8221; custom_margin=&#8221;|-21px|||false|false&#8221; custom_margin_tablet=&#8221;&#8221; custom_margin_phone=&#8221;|0px|||false|false&#8221; custom_margin_last_edited=&#8221;on|phone&#8221; hover_enabled=&#8221;0&#8243; header_font_size_tablet=&#8221;&#8221; header_font_size_phone=&#8221;20px&#8221; header_font_size_last_edited=&#8221;on|phone&#8221;]<\/p>\n<h1>CALEFACCI\u00d3N<\/h1>\n<p>[\/et_pb_text][et_pb_divider color=&#8221;#2DAFF5&#8243; divider_weight=&#8221;3px&#8221; _builder_version=&#8221;4.4.3&#8243; width=&#8221;20%&#8221; custom_margin=&#8221;-10px||10px||false|false&#8221; custom_padding=&#8221;||||false|false&#8221; locked=&#8221;off&#8221;][\/et_pb_divider][et_pb_text _builder_version=&#8221;4.4.3&#8243; text_font=&#8221;Roboto|300|||||||&#8221; text_font_size=&#8221;18px&#8221; text_line_height=&#8221;1.75em&#8221; custom_margin=&#8221;|-39px|39px|||&#8221; custom_margin_tablet=&#8221;&#8221; custom_margin_phone=&#8221;|0px|39px||false|false&#8221; custom_margin_last_edited=&#8221;on|phone&#8221;]<\/p>\n<p>Todo lo que necesites para optimizar la calefacci\u00f3n de tu hogar. Calderas para calefacci\u00f3n y agua caliente sanitaria. Ca\u00f1erias y accesorios para pisos radiantes.<\/p>\n<p>[\/et_pb_text][et_pb_button button_url=&#8221;https:\/\/casablanco.com.ar\/index.php\/20548-2\/#CONTACTO&#8221; button_text=&#8221;PEDIR PRESUPUESTO&#8221; button_alignment=&#8221;left&#8221; _builder_version=&#8221;4.4.3&#8243; custom_button=&#8221;on&#8221; button_text_size=&#8221;16px&#8221; button_text_color=&#8221;#FFFFFF&#8221; button_bg_color=&#8221;#2DAFF5&#8243; button_border_width=&#8221;0px&#8221; button_border_radius=&#8221;0px&#8221; button_letter_spacing=&#8221;4px&#8221; button_font=&#8221;Roboto||||||||&#8221; button_use_icon=&#8221;off&#8221; custom_padding=&#8221;8px|35px|8px|35px|false|false&#8221; button_text_size_tablet=&#8221;&#8221; button_text_size_phone=&#8221;14px&#8221; button_text_size_last_edited=&#8221;on|phone&#8221; box_shadow_style=&#8221;preset1&#8243; locked=&#8221;off&#8221; button_text_color__hover=&#8221;#ffffff&#8221; button_text_color__hover_enabled=&#8221;on|desktop&#8221; button_bg_color__hover_enabled=&#8221;on|hover&#8221;][\/et_pb_button][\/et_pb_column][et_pb_column type=&#8221;3_5&#8243; _builder_version=&#8221;4.4.3&#8243;][dica_divi_carousel show_items_desktop=&#8221;1&#8243; show_items_tablet=&#8221;1&#8243; transition_duration=&#8221;1500&#8243; autoplay=&#8221;on&#8221; hoverpause=&#8221;on&#8221; autoplay_speed=&#8221;1500&#8243; dot_nav=&#8221;on&#8221; item_vertical_align=&#8221;flex-start&#8221; advanced_effect=&#8221;1&#8243; _builder_version=&#8221;4.4.3&#8243; custom_margin=&#8221;-78px|-275px||49px||&#8221; custom_margin_tablet=&#8221;&#8221; custom_margin_phone=&#8221;30px|0px||0px|false|false&#8221; custom_margin_last_edited=&#8221;on|phone&#8221;][dica_divi_carouselitem button_url_new_window=&#8221;1&#8243; image=&#8221;https:\/\/casablanco.com.ar\/wp-content\/uploads\/2020\/08\/Enmascarar-grupo-21-1.png&#8221; _builder_version=&#8221;4.4.3&#8243;][\/dica_divi_carouselitem][dica_divi_carouselitem button_url_new_window=&#8221;1&#8243; image=&#8221;https:\/\/casablanco.com.ar\/wp-content\/uploads\/2020\/08\/piso_radiante.jpg&#8221; _builder_version=&#8221;4.4.3&#8243;][\/dica_divi_carouselitem][\/dica_divi_carousel][\/et_pb_column][\/et_pb_row][et_pb_row column_structure=&#8221;1_4,1_4,1_4,1_4&#8243; module_class=&#8221;categoria&#8221; _builder_version=&#8221;4.4.3&#8243; transform_scale_phone=&#8221;100%|100%&#8221; transform_scale_last_edited=&#8221;off|desktop&#8221; transform_translate_last_edited=&#8221;off|desktop&#8221; transform_translate_linked=&#8221;off&#8221; transform_rotate_last_edited=&#8221;off|desktop&#8221; transform_skew_last_edited=&#8221;off|desktop&#8221; transform_origin_last_edited=&#8221;off|desktop&#8221; transform_styles_last_edited=&#8221;off|desktop&#8221; width=&#8221;100%&#8221; module_alignment=&#8221;center&#8221; custom_margin=&#8221;-3px|auto|25px|auto|false|false&#8221; custom_margin_tablet=&#8221;&#8221; custom_margin_phone=&#8221;0px|auto|-40px|auto|false|false&#8221; custom_margin_last_edited=&#8221;on|phone&#8221; custom_padding=&#8221;|||0px||&#8221; locked=&#8221;off&#8221;][et_pb_column type=&#8221;1_4&#8243; _builder_version=&#8221;4.4.3&#8243;][et_pb_image src=&#8221;https:\/\/casablanco.com.ar\/wp-content\/uploads\/2020\/08\/caldera_mural_caldaia.jpg&#8221; align=&#8221;center&#8221; _builder_version=&#8221;4.4.3&#8243; width=&#8221;57%&#8221; width_tablet=&#8221;&#8221; width_phone=&#8221;50%&#8221; width_last_edited=&#8221;on|phone&#8221; max_width=&#8221;100%&#8221; max_width_last_edited=&#8221;off|desktop&#8221; custom_margin=&#8221;5px||35px|-10px|false|false&#8221; custom_padding=&#8221;|0px||||&#8221; custom_padding_phone=&#8221;||||false|false&#8221; custom_padding_last_edited=&#8221;off|phone&#8221; module_alignment_tablet=&#8221;&#8221; module_alignment_phone=&#8221;center&#8221; module_alignment_last_edited=&#8221;on|phone&#8221;][\/et_pb_image][et_pb_text _builder_version=&#8221;4.4.3&#8243; text_font=&#8221;Roboto|300|on||||||&#8221; text_font_size=&#8221;24px&#8221; custom_margin=&#8221;0px||||false|false&#8221; custom_padding=&#8221;|||0px|false|false&#8221; custom_padding_tablet=&#8221;&#8221; custom_padding_phone=&#8221;|||50px|false|false&#8221; custom_padding_last_edited=&#8221;on|phone&#8221; text_font_size_tablet=&#8221;&#8221; text_font_size_phone=&#8221;20px&#8221; text_font_size_last_edited=&#8221;on|phone&#8221;]<\/p>\n<p>Calderas<\/p>\n<p>[\/et_pb_text][\/et_pb_column][et_pb_column type=&#8221;1_4&#8243; _builder_version=&#8221;4.4.3&#8243;][et_pb_image src=&#8221;https:\/\/casablanco.com.ar\/wp-content\/uploads\/2020\/08\/D_NQ_NP_692159-MLA31041720928_062019-V.jpg&#8221; align_tablet=&#8221;&#8221; align_phone=&#8221;center&#8221; align_last_edited=&#8221;on|phone&#8221; _builder_version=&#8221;4.4.3&#8243; max_width=&#8221;75%&#8221; max_width_tablet=&#8221;&#8221; max_width_phone=&#8221;76%&#8221; max_width_last_edited=&#8221;on|phone&#8221; custom_margin=&#8221;26px||36px|-25px|false|false&#8221; custom_margin_tablet=&#8221;&#8221; custom_margin_phone=&#8221;13px||25px|0px|false|false&#8221; custom_margin_last_edited=&#8221;on|phone&#8221;][\/et_pb_image][et_pb_text _builder_version=&#8221;4.4.3&#8243; text_font=&#8221;Roboto|300|on||||||&#8221; text_font_size=&#8221;23px&#8221; custom_margin=&#8221;1px|||||&#8221; custom_margin_last_edited=&#8221;off|phone&#8221; custom_padding=&#8221;|4px||||&#8221; custom_padding_tablet=&#8221;&#8221; custom_padding_phone=&#8221;|0px||10px|false|false&#8221; custom_padding_last_edited=&#8221;on|phone&#8221; text_font_size_tablet=&#8221;&#8221; text_font_size_phone=&#8221;20px&#8221; text_font_size_last_edited=&#8221;on|phone&#8221;]<\/p>\n<p>Ca\u00f1erias y accesorios<br \/> para pisos radiantes<\/p>\n<p>[\/et_pb_text][\/et_pb_column][et_pb_column type=&#8221;1_4&#8243; _builder_version=&#8221;4.4.3&#8243;][\/et_pb_column][et_pb_column type=&#8221;1_4&#8243; _builder_version=&#8221;4.4.3&#8243;][\/et_pb_column][\/et_pb_row][et_pb_row column_structure=&#8221;1_4,1_4,1_4,1_4&#8243; _builder_version=&#8221;4.4.3&#8243; custom_margin=&#8221;40px|auto||auto||&#8221; custom_margin_tablet=&#8221;&#8221; custom_margin_phone=&#8221;0px|auto||auto|false|false&#8221; custom_margin_last_edited=&#8221;on|phone&#8221; locked=&#8221;off&#8221;][et_pb_column type=&#8221;1_4&#8243; _builder_version=&#8221;4.4.3&#8243;][\/et_pb_column][et_pb_column type=&#8221;1_4&#8243; _builder_version=&#8221;4.4.3&#8243;][et_pb_image src=&#8221;https:\/\/casablanco.com.ar\/wp-content\/uploads\/2020\/08\/Group-297.png&#8221; align_tablet=&#8221;center&#8221; align_phone=&#8221;center&#8221; align_last_edited=&#8221;on|tablet&#8221; _builder_version=&#8221;4.4.3&#8243; custom_margin=&#8221;||27px|||&#8221; custom_margin_tablet=&#8221;&#8221; custom_margin_phone=&#8221;||18px||false|false&#8221; custom_margin_last_edited=&#8221;on|phone&#8221; locked=&#8221;off&#8221;][\/et_pb_image][\/et_pb_column][et_pb_column type=&#8221;1_4&#8243; _builder_version=&#8221;4.4.3&#8243;][et_pb_image src=&#8221;https:\/\/casablanco.com.ar\/wp-content\/uploads\/2020\/08\/Mask-Group-90.jpg&#8221; align_tablet=&#8221;center&#8221; align_phone=&#8221;center&#8221; align_last_edited=&#8221;on|tablet&#8221; _builder_version=&#8221;4.4.3&#8243; width=&#8221;85.2%&#8221; custom_margin=&#8221;-15px||27px|16px||&#8221; custom_margin_tablet=&#8221;&#8221; custom_margin_phone=&#8221;-15px||19px|16px|false|false&#8221; custom_margin_last_edited=&#8221;on|phone&#8221; locked=&#8221;off&#8221;][\/et_pb_image][\/et_pb_column][et_pb_column type=&#8221;1_4&#8243; _builder_version=&#8221;4.4.3&#8243;][et_pb_image src=&#8221;https:\/\/casablanco.com.ar\/wp-content\/uploads\/2020\/08\/Group-299.png&#8221; align_tablet=&#8221;center&#8221; align_phone=&#8221;center&#8221; align_last_edited=&#8221;on|tablet&#8221; _builder_version=&#8221;4.4.3&#8243; custom_margin=&#8221;||27px|||&#8221; custom_margin_tablet=&#8221;&#8221; custom_margin_phone=&#8221;||0px||false|false&#8221; custom_margin_last_edited=&#8221;on|phone&#8221; locked=&#8221;off&#8221;][\/et_pb_image][\/et_pb_column][\/et_pb_row][\/et_pb_section]<\/p>\n","protected":false},"excerpt":{"rendered":"<p>[et_pb_section fb_built=&#8221;1&#8243; custom_padding_last_edited=&#8221;on|phone&#8221; _builder_version=&#8221;4.4.3&#8243; custom_padding=&#8221;100px|||||&#8221; custom_padding_tablet=&#8221;&#8221; custom_padding_phone=&#8221;60px||||false|false&#8221;][et_pb_row column_structure=&#8221;2_5,3_5&#8243; _builder_version=&#8221;4.4.3&#8243; custom_margin=&#8221;61px|auto||auto||&#8221; custom_margin_tablet=&#8221;&#8221; custom_margin_phone=&#8221;0px|auto||auto|false|false&#8221; custom_margin_last_edited=&#8221;on|phone&#8221; custom_padding=&#8221;||83px|||&#8221;][et_pb_column type=&#8221;2_5&#8243; _builder_version=&#8221;4.4.3&#8243;][et_pb_text _builder_version=&#8221;4.4.3&#8243; header_font=&#8221;Artegra ext regular||||||||&#8221; header_text_color=&#8221;#2daff5&#8243; header_font_size=&#8221;41px&#8221; header_letter_spacing=&#8221;7px&#8221; header_line_height=&#8221;1.1em&#8221; custom_margin=&#8221;|-21px|||false|false&#8221; custom_margin_tablet=&#8221;&#8221; custom_margin_phone=&#8221;|0px|||false|false&#8221; custom_margin_last_edited=&#8221;on|phone&#8221; hover_enabled=&#8221;0&#8243; header_font_size_tablet=&#8221;&#8221; header_font_size_phone=&#8221;20px&#8221; header_font_size_last_edited=&#8221;on|phone&#8221;] CALEFACCI\u00d3N [\/et_pb_text][et_pb_divider color=&#8221;#2DAFF5&#8243; divider_weight=&#8221;3px&#8221; _builder_version=&#8221;4.4.3&#8243; width=&#8221;20%&#8221; custom_margin=&#8221;-10px||10px||false|false&#8221; custom_padding=&#8221;||||false|false&#8221; locked=&#8221;off&#8221;][\/et_pb_divider][et_pb_text _builder_version=&#8221;4.4.3&#8243; text_font=&#8221;Roboto|300|||||||&#8221; text_font_size=&#8221;18px&#8221; text_line_height=&#8221;1.75em&#8221; custom_margin=&#8221;|-39px|39px|||&#8221; custom_margin_tablet=&#8221;&#8221; custom_margin_phone=&#8221;|0px|39px||false|false&#8221; custom_margin_last_edited=&#8221;on|phone&#8221;] Todo lo que necesites para optimizar [&hellip;]<\/p>\n","protected":false},"author":1,"featured_media":0,"parent":0,"menu_order":0,"comment_status":"closed","ping_status":"closed","template":"","meta":{"_et_pb_use_builder":"on","_et_pb_old_content":"","_et_gb_content_width":""},"yoast_head":"<!-- This site is optimized with the Yoast SEO plugin v15.0 - https:\/\/yoast.com\/wordpress\/plugins\/seo\/ -->\n<title>Calefaccion - Casa Blanco<\/title>\n<meta name=\"robots\" content=\"index, follow, max-snippet:-1, max-image-preview:large, max-video-preview:-1\" \/>\n<link rel=\"canonical\" href=\"https:\/\/casablanco.com.ar\/index.php\/calefaccion\/\" \/>\n<meta property=\"og:locale\" content=\"es_ES\" \/>\n<meta property=\"og:type\" content=\"article\" \/>\n<meta property=\"og:title\" content=\"Calefaccion - Casa Blanco\" \/>\n<meta property=\"og:description\" content=\"[et_pb_section fb_built=&#8221;1&#8243; custom_padding_last_edited=&#8221;on|phone&#8221; _builder_version=&#8221;4.4.3&#8243; custom_padding=&#8221;100px|||||&#8221; custom_padding_tablet=&#8221;&#8221; custom_padding_phone=&#8221;60px||||false|false&#8221;][et_pb_row column_structure=&#8221;2_5,3_5&#8243; _builder_version=&#8221;4.4.3&#8243; custom_margin=&#8221;61px|auto||auto||&#8221; custom_margin_tablet=&#8221;&#8221; custom_margin_phone=&#8221;0px|auto||auto|false|false&#8221; custom_margin_last_edited=&#8221;on|phone&#8221; custom_padding=&#8221;||83px|||&#8221;][et_pb_column type=&#8221;2_5&#8243; _builder_version=&#8221;4.4.3&#8243;][et_pb_text _builder_version=&#8221;4.4.3&#8243; header_font=&#8221;Artegra ext regular||||||||&#8221; header_text_color=&#8221;#2daff5&#8243; header_font_size=&#8221;41px&#8221; header_letter_spacing=&#8221;7px&#8221; header_line_height=&#8221;1.1em&#8221; custom_margin=&#8221;|-21px|||false|false&#8221; custom_margin_tablet=&#8221;&#8221; custom_margin_phone=&#8221;|0px|||false|false&#8221; custom_margin_last_edited=&#8221;on|phone&#8221; hover_enabled=&#8221;0&#8243; header_font_size_tablet=&#8221;&#8221; header_font_size_phone=&#8221;20px&#8221; header_font_size_last_edited=&#8221;on|phone&#8221;] CALEFACCI\u00d3N [\/et_pb_text][et_pb_divider color=&#8221;#2DAFF5&#8243; divider_weight=&#8221;3px&#8221; _builder_version=&#8221;4.4.3&#8243; width=&#8221;20%&#8221; custom_margin=&#8221;-10px||10px||false|false&#8221; custom_padding=&#8221;||||false|false&#8221; locked=&#8221;off&#8221;][\/et_pb_divider][et_pb_text _builder_version=&#8221;4.4.3&#8243; text_font=&#8221;Roboto|300|||||||&#8221; text_font_size=&#8221;18px&#8221; text_line_height=&#8221;1.75em&#8221; custom_margin=&#8221;|-39px|39px|||&#8221; custom_margin_tablet=&#8221;&#8221; custom_margin_phone=&#8221;|0px|39px||false|false&#8221; custom_margin_last_edited=&#8221;on|phone&#8221;] Todo lo que necesites para optimizar [&hellip;]\" \/>\n<meta property=\"og:url\" content=\"https:\/\/casablanco.com.ar\/index.php\/calefaccion\/\" \/>\n<meta property=\"og:site_name\" content=\"Casa Blanco\" \/>\n<meta property=\"article:modified_time\" content=\"2020-09-10T16:59:59+00:00\" \/>\n<meta name=\"twitter:card\" content=\"summary_large_image\" \/>\n<script type=\"application\/ld+json\" class=\"yoast-schema-graph\">{\"@context\":\"https:\/\/schema.org\",\"@graph\":[{\"@type\":\"WebSite\",\"@id\":\"https:\/\/casablanco.com.ar\/#website\",\"url\":\"https:\/\/casablanco.com.ar\/\",\"name\":\"Casa Blanco\",\"description\":\"\",\"potentialAction\":[{\"@type\":\"SearchAction\",\"target\":\"https:\/\/casablanco.com.ar\/?s={search_term_string}\",\"query-input\":\"required name=search_term_string\"}],\"inLanguage\":\"es\"},{\"@type\":\"WebPage\",\"@id\":\"https:\/\/casablanco.com.ar\/index.php\/calefaccion\/#webpage\",\"url\":\"https:\/\/casablanco.com.ar\/index.php\/calefaccion\/\",\"name\":\"Calefaccion - Casa Blanco\",\"isPartOf\":{\"@id\":\"https:\/\/casablanco.com.ar\/#website\"},\"datePublished\":\"2020-08-21T22:04:12+00:00\",\"dateModified\":\"2020-09-10T16:59:59+00:00\",\"inLanguage\":\"es\",\"potentialAction\":[{\"@type\":\"ReadAction\",\"target\":[\"https:\/\/casablanco.com.ar\/index.php\/calefaccion\/\"]}]}]}<\/script>\n<!-- \/ Yoast SEO plugin. -->","_links":{"self":[{"href":"https:\/\/casablanco.com.ar\/index.php\/wp-json\/wp\/v2\/pages\/21091"}],"collection":[{"href":"https:\/\/casablanco.com.ar\/index.php\/wp-json\/wp\/v2\/pages"}],"about":[{"href":"https:\/\/casablanco.com.ar\/index.php\/wp-json\/wp\/v2\/types\/page"}],"author":[{"embeddable":true,"href":"https:\/\/casablanco.com.ar\/index.php\/wp-json\/wp\/v2\/users\/1"}],"replies":[{"embeddable":true,"href":"https:\/\/casablanco.com.ar\/index.php\/wp-json\/wp\/v2\/comments?post=21091"}],"version-history":[{"count":13,"href":"https:\/\/casablanco.com.ar\/index.php\/wp-json\/wp\/v2\/pages\/21091\/revisions"}],"predecessor-version":[{"id":22062,"href":"https:\/\/casablanco.com.ar\/index.php\/wp-json\/wp\/v2\/pages\/21091\/revisions\/22062"}],"wp:attachment":[{"href":"https:\/\/casablanco.com.ar\/index.php\/wp-json\/wp\/v2\/media?parent=21091"}],"curies":[{"name":"wp","href":"https:\/\/api.w.org\/{rel}","templated":true}]}}